{"id":158,"date":"2026-03-28T18:45:46","date_gmt":"2026-03-28T21:45:46","guid":{"rendered":"https:\/\/cnabusiness.com.br\/?page_id=158"},"modified":"2026-03-28T19:02:12","modified_gmt":"2026-03-28T22:02:12","slug":"sobre","status":"publish","type":"page","link":"https:\/\/cnabusiness.com.br\/?page_id=158","title":{"rendered":"Sobre"},"content":{"rendered":"<p>[et_pb_section fb_built=&#8221;1&#8243; admin_label=&#8221;Welcome Section&#8221; _builder_version=&#8221;3.22&#8243; custom_padding=&#8221;90px||90px|&#8221;][et_pb_row admin_label=&#8221;Welcome Area&#8221; _builder_version=&#8221;3.25&#8243; column_structure=&#8221;1_3,2_3&#8243;][et_pb_column type=&#8221;1_3&#8243; _builder_version=&#8221;3.25&#8243; custom_padding=&#8221;80px||80px|&#8221; custom_padding__hover=&#8221;|||&#8221;][et_pb_text admin_label=&#8221;Title&#8221; _builder_version=&#8221;3.27.4&#8243; text_font=&#8221;||||||||&#8221; header_font=&#8221;||||||||&#8221; header_2_font=&#8221;Prata||||||||&#8221; header_2_font_size=&#8221;48px&#8221; header_2_line_height=&#8221;1.6em&#8221; custom_margin=&#8221;||10px|&#8221; animation_style=&#8221;fade&#8221; animation_direction=&#8221;left&#8221; animation_starting_opacity=&#8221;100%&#8221; header_2_font_size_tablet=&#8221;40px&#8221; header_2_font_size_phone=&#8221;&#8221; header_2_font_size_last_edited=&#8221;on|tablet&#8221;]<\/p>\n<h2>Dra. N\u00e1dia D\u00f6rr Estolaski<\/h2>\n<p>[\/et_pb_text][et_pb_divider color=&#8221;#ffa40d&#8221; divider_position=&#8221;center&#8221; divider_weight=&#8221;3px&#8221; _builder_version=&#8221;3.2&#8243; max_width=&#8221;70px&#8221; animation_style=&#8221;slide&#8221; animation_direction=&#8221;right&#8221; animation_intensity_slide=&#8221;5%&#8221; animation_starting_opacity=&#8221;100%&#8221;][\/et_pb_divider][et_pb_text _builder_version=&#8221;4.9.4&#8243; text_font=&#8221;||||||||&#8221; text_font_size=&#8221;16px&#8221; text_line_height=&#8221;2em&#8221; max_width=&#8221;500px&#8221; animation_direction=&#8221;left&#8221; hover_enabled=&#8221;0&#8243; sticky_enabled=&#8221;0&#8243;]<\/p>\n<p><strong>Advogada | Especialista em Direito Imobili\u00e1rio e Holding Familiar<\/strong><br \/><strong>Perita Judicial | Avaliadora de Im\u00f3veis<\/strong><\/p>\n<p>[\/et_pb_text][\/et_pb_column][et_pb_column type=&#8221;2_3&#8243; _builder_version=&#8221;3.25&#8243; custom_padding=&#8221;|||&#8221; custom_padding__hover=&#8221;|||&#8221;][et_pb_image src=&#8221;http:\/\/cnabusiness.com.br\/wp-content\/uploads\/2026\/03\/WhatsApp-Image-2026-03-23-at-21.11.02.jpeg&#8221; show_bottom_space=&#8221;off&#8221; force_fullwidth=&#8221;on&#8221; align_tablet=&#8221;center&#8221; align_last_edited=&#8221;on|desktop&#8221; _builder_version=&#8221;4.9.4&#8243; animation_style=&#8221;slide&#8221; animation_direction=&#8221;right&#8221; animation_intensity_slide=&#8221;2%&#8221; hover_enabled=&#8221;0&#8243; border_width_all=&#8221;30px&#8221; border_color_all=&#8221;#ffffff&#8221; box_shadow_style=&#8221;preset2&#8243; box_shadow_horizontal=&#8221;0px&#8221; box_shadow_vertical=&#8221;15px&#8221; box_shadow_blur=&#8221;60px&#8221; box_shadow_color=&#8221;rgba(29,61,71,0.2)&#8221; title_text=&#8221;WhatsApp Image 2026-03-23 at 21.11.02&#8243; sticky_enabled=&#8221;0&#8243;][\/et_pb_image][\/et_pb_column][\/et_pb_row][\/et_pb_section][et_pb_section fb_built=&#8221;1&#8243; admin_label=&#8221;Our Philosophy Section&#8221; _builder_version=&#8221;3.22&#8243; background_color=&#8221;#f7f7f7&#8243; custom_padding=&#8221;110px||110px|&#8221; border_width_right=&#8221;8vw&#8221; border_color_right=&#8221;rgba(255,186,96,0.6)&#8221;][et_pb_row admin_label=&#8221;Our Philosophy Area&#8221; _builder_version=&#8221;3.25&#8243; locked=&#8221;off&#8221; custom_padding=&#8221;43px|||||&#8221;][et_pb_column type=&#8221;4_4&#8243; _builder_version=&#8221;3.25&#8243; custom_padding=&#8221;|||&#8221; custom_padding__hover=&#8221;|||&#8221;][et_pb_text admin_label=&#8221;Title&#8221; _builder_version=&#8221;4.9.4&#8243; text_font=&#8221;||||||||&#8221; header_font=&#8221;||||||||&#8221; header_2_font=&#8221;Prata||||||||&#8221; header_2_text_align=&#8221;center&#8221; header_2_font_size=&#8221;48px&#8221; header_2_line_height=&#8221;1.6em&#8221; module_alignment=&#8221;center&#8221; custom_margin=&#8221;||10px|&#8221; custom_padding=&#8221;|||&#8221; animation_style=&#8221;fade&#8221; hover_enabled=&#8221;0&#8243; header_2_font_size_tablet=&#8221;40px&#8221; header_2_font_size_phone=&#8221;&#8221; header_2_font_size_last_edited=&#8221;on|tablet&#8221; sticky_enabled=&#8221;0&#8243;]<\/p>\n<p>&nbsp;<\/p>\n<h2>Principais Contribui\u00e7\u00f5es e Realiza\u00e7\u00f5es<\/h2>\n<p>[\/et_pb_text][et_pb_divider color=&#8221;#ffa40d&#8221; divider_position=&#8221;center&#8221; divider_weight=&#8221;3px&#8221; _builder_version=&#8221;3.2&#8243; max_width=&#8221;70px&#8221; module_alignment=&#8221;center&#8221; animation_style=&#8221;slide&#8221; animation_direction=&#8221;top&#8221; animation_intensity_slide=&#8221;10%&#8221; animation_starting_opacity=&#8221;100%&#8221; locked=&#8221;off&#8221;][\/et_pb_divider][\/et_pb_column][\/et_pb_row][et_pb_row admin_label=&#8221;Our Philosophy Area&#8221; _builder_version=&#8221;4.9.4&#8243; hover_enabled=&#8221;0&#8243; sticky_enabled=&#8221;0&#8243;][et_pb_column type=&#8221;4_4&#8243; _builder_version=&#8221;3.25&#8243; custom_padding=&#8221;|||&#8221; custom_padding__hover=&#8221;|||&#8221;][et_pb_text admin_label=&#8221;Title&#8221; _builder_version=&#8221;4.9.4&#8243; text_font=&#8221;||||||||&#8221; text_font_size=&#8221;16px&#8221; text_line_height=&#8221;2em&#8221; header_font=&#8221;||||||||&#8221; header_3_font=&#8221;Roboto Slab||||||||&#8221; header_3_line_height=&#8221;1.4em&#8221; custom_margin=&#8221;||10px|&#8221; animation_style=&#8221;fold&#8221; animation_direction=&#8221;bottom&#8221; animation_intensity_fold=&#8221;5%&#8221; animation_starting_opacity=&#8221;100%&#8221; hover_enabled=&#8221;0&#8243; sticky_enabled=&#8221;0&#8243;]<\/p>\n<p>Ao longo de sua trajet\u00f3ria, Dra. N\u00e1dia tem se dedicado a oferecer solu\u00e7\u00f5es jur\u00eddicas que combinam t\u00e9cnica apurada e compromisso com os interesses de seus clientes. Entre suas principais contribui\u00e7\u00f5es, destacam-se:<\/p>\n<ul>\n<li><strong>Centenas de reintegra\u00e7\u00f5es de posse<\/strong>\u00a0conduzidas com \u00eaxito, tanto na esfera extrajudicial quanto na judicial, assegurando a recupera\u00e7\u00e3o \u00e1gil e segura de im\u00f3veis em contextos sens\u00edveis.<\/li>\n<li><strong>Expressiva economia patrimonial<\/strong>\u00a0viabilizada por meio da constitui\u00e7\u00e3o de holdings de bens pr\u00f3prios, alternativa eficaz para evitar invent\u00e1rios longos, onerosos e desgastantes.<\/li>\n<li><strong>Participa\u00e7\u00e3o ativa em in\u00fameras transa\u00e7\u00f5es imobili\u00e1rias de alto valor e elevada complexidade<\/strong>, atuando desde a due diligence documental, passando pela estrutura\u00e7\u00e3o contratual, at\u00e9 o fechamento do neg\u00f3cio \u2014 sempre com foco na seguran\u00e7a jur\u00eddica e na preserva\u00e7\u00e3o do patrim\u00f4nio envolvido.<\/li>\n<li><strong>Atua\u00e7\u00e3o estrat\u00e9gica na gest\u00e3o de ativos e passivos de massa falida<\/strong>, com expertise na avalia\u00e7\u00e3o, regulariza\u00e7\u00e3o e destina\u00e7\u00e3o de bens im\u00f3veis em processos de recupera\u00e7\u00e3o judicial e fal\u00eancia.<\/li>\n<li><strong>Trabalho pr\u00f3ximo e independente<\/strong>, constru\u00eddo sobre a confian\u00e7a, com acompanhamento personalizado e discri\u00e7\u00e3o em todas as etapas.<\/li>\n<\/ul>\n<p>[\/et_pb_text][\/et_pb_column][\/et_pb_row][\/et_pb_section][et_pb_section fb_built=&#8221;1&#8243; admin_label=&#8221;Service Section&#8221; _builder_version=&#8221;3.22&#8243; background_color=&#8221;#f7f7f7&#8243; custom_padding=&#8221;140px||110px|&#8221;][et_pb_row admin_label=&#8221;Service Area&#8221; _builder_version=&#8221;3.25&#8243; locked=&#8221;off&#8221;][et_pb_column type=&#8221;4_4&#8243; _builder_version=&#8221;3.25&#8243; custom_padding=&#8221;|||&#8221; custom_padding__hover=&#8221;|||&#8221;][et_pb_text admin_label=&#8221;Title&#8221; _builder_version=&#8221;3.27.4&#8243; text_font=&#8221;||||||||&#8221; header_font=&#8221;||||||||&#8221; header_2_font=&#8221;Prata||||||||&#8221; header_2_text_align=&#8221;center&#8221; header_2_font_size=&#8221;48px&#8221; header_2_line_height=&#8221;1.6em&#8221; module_alignment=&#8221;center&#8221; custom_margin=&#8221;||10px|&#8221; custom_padding=&#8221;|||&#8221; animation_style=&#8221;fade&#8221; header_2_font_size_tablet=&#8221;40px&#8221; header_2_font_size_phone=&#8221;&#8221; header_2_font_size_last_edited=&#8221;on|tablet&#8221;]<\/p>\n<h2>Reconhecimento<\/h2>\n<p>[\/et_pb_text][et_pb_divider color=&#8221;#ffa40d&#8221; divider_position=&#8221;center&#8221; divider_weight=&#8221;3px&#8221; _builder_version=&#8221;3.2&#8243; max_width=&#8221;70px&#8221; module_alignment=&#8221;center&#8221; animation_style=&#8221;slide&#8221; animation_direction=&#8221;top&#8221; animation_intensity_slide=&#8221;10%&#8221; animation_starting_opacity=&#8221;100%&#8221; locked=&#8221;off&#8221;][\/et_pb_divider][\/et_pb_column][\/et_pb_row][et_pb_row admin_label=&#8221;Service Area&#8221; _builder_version=&#8221;3.25&#8243; locked=&#8221;off&#8221;][et_pb_column type=&#8221;4_4&#8243; _builder_version=&#8221;3.25&#8243; custom_padding=&#8221;|||&#8221; custom_padding__hover=&#8221;|||&#8221;][et_pb_blurb use_icon=&#8221;on&#8221; font_icon=&#8221;%%126%%&#8221; icon_color=&#8221;#ffba60&#8243; content_max_width=&#8221;300px&#8221; use_icon_font_size=&#8221;on&#8221; icon_font_size=&#8221;42px&#8221; _builder_version=&#8221;4.9.4&#8243; header_font=&#8221;Roboto Slab||||||||&#8221; header_font_size=&#8221;20px&#8221; header_line_height=&#8221;1.8em&#8221; body_font=&#8221;||||||||&#8221; body_font_size=&#8221;16px&#8221; body_line_height=&#8221;1.8em&#8221; text_orientation=&#8221;center&#8221; animation_style=&#8221;fade&#8221; hover_enabled=&#8221;0&#8243; sticky_enabled=&#8221;0&#8243;]<\/p>\n<p>Dra. N\u00e1dia D\u00f6rr Estolaski \u00e9 reconhecida por sua postura estudiosa, atualiza\u00e7\u00e3o constante e compromisso com solu\u00e7\u00f5es jur\u00eddicas s\u00f3lidas e personalizadas. Sua pr\u00e1tica profissional \u00e9 marcada pela independ\u00eancia, pela \u00e9tica e pela capacidade de lidar com quest\u00f5es que envolvem n\u00e3o apenas aspectos t\u00e9cnicos, mas tamb\u00e9m dimens\u00f5es familiares, patrimoniais e empresariais sens\u00edveis.<\/p>\n<p>Com experi\u00eancia consolidada em transa\u00e7\u00f5es imobili\u00e1rias de grande porte e alta complexidade, bem como em gest\u00e3o de ativos em contextos falimentares, alia a vis\u00e3o estrat\u00e9gica \u00e0 precis\u00e3o t\u00e9cnica, oferecendo a seus clientes seguran\u00e7a jur\u00eddica em cada etapa.<\/p>\n<p>[\/et_pb_blurb][\/et_pb_column][\/et_pb_row][\/et_pb_section][et_pb_section fb_built=&#8221;1&#8243; admin_label=&#8221;Why Choose Us Section&#8221; _builder_version=&#8221;3.22&#8243; background_color=&#8221;#ffba60&#8243; custom_padding=&#8221;0px||0px|&#8221;][et_pb_row admin_label=&#8221;Why Choose Us Area&#8221; _builder_version=&#8221;3.25&#8243; width=&#8221;100%&#8221; max_width=&#8221;100%&#8221; custom_margin=&#8221;|||&#8221; custom_padding=&#8221;0px|0px|0px|&#8221; use_custom_width=&#8221;on&#8221; width_unit=&#8221;off&#8221; custom_width_percent=&#8221;100%&#8221; column_structure=&#8221;1_2,1_2&#8243;][et_pb_column type=&#8221;1_2&#8243; _builder_version=&#8221;3.25&#8243; custom_padding=&#8221;|||&#8221; custom_padding__hover=&#8221;|||&#8221;][et_pb_image src=&#8221;http:\/\/cnabusiness.com.br\/wp-content\/uploads\/2026\/03\/law-firm-31.jpg&#8221; show_bottom_space=&#8221;off&#8221; force_fullwidth=&#8221;on&#8221; align_tablet=&#8221;center&#8221; align_last_edited=&#8221;on|desktop&#8221; _builder_version=&#8221;4.9.4&#8243; hover_enabled=&#8221;0&#8243; title_text=&#8221;law-firm-31&#8243; sticky_enabled=&#8221;0&#8243;][\/et_pb_image][\/et_pb_column][et_pb_column type=&#8221;1_2&#8243; _builder_version=&#8221;3.25&#8243; custom_padding=&#8221;80px|5%|80px|&#8221; custom_padding_tablet=&#8221;|10%||10%&#8221; custom_padding_last_edited=&#8221;on|tablet&#8221; padding_tablet=&#8221;|10%||10%&#8221; padding_last_edited=&#8221;on|tablet&#8221; custom_padding__hover=&#8221;|||&#8221;][et_pb_text admin_label=&#8221;Title&#8221; _builder_version=&#8221;3.27.4&#8243; text_font=&#8221;||||||||&#8221; header_font=&#8221;||||||||&#8221; header_2_font=&#8221;Prata||||||||&#8221; header_2_font_size=&#8221;48px&#8221; header_2_line_height=&#8221;1.6em&#8221; background_layout=&#8221;dark&#8221; custom_margin=&#8221;||10px|&#8221; animation_style=&#8221;slide&#8221; animation_direction=&#8221;right&#8221; animation_intensity_slide=&#8221;5%&#8221; animation_starting_opacity=&#8221;100%&#8221; header_2_font_size_tablet=&#8221;40px&#8221; header_2_font_size_phone=&#8221;&#8221; header_2_font_size_last_edited=&#8221;on|tablet&#8221; locked=&#8221;off&#8221;]<\/p>\n<h2>Expertise<\/h2>\n<p>[\/et_pb_text][et_pb_divider color=&#8221;#ffffff&#8221; divider_position=&#8221;center&#8221; divider_weight=&#8221;3px&#8221; _builder_version=&#8221;3.2&#8243; max_width=&#8221;70px&#8221; custom_margin=&#8221;||35px|&#8221; animation_style=&#8221;slide&#8221; animation_direction=&#8221;right&#8221; animation_intensity_slide=&#8221;5%&#8221; animation_starting_opacity=&#8221;100%&#8221; locked=&#8221;off&#8221;][\/et_pb_divider][et_pb_text _builder_version=&#8221;4.9.4&#8243; text_font=&#8221;||||||||&#8221; text_font_size=&#8221;16px&#8221; text_line_height=&#8221;1.8em&#8221; header_font=&#8221;||||||||&#8221; header_3_font=&#8221;Roboto Slab||||||||&#8221; header_3_line_height=&#8221;1.4em&#8221; background_layout=&#8221;dark&#8221; custom_margin=&#8221;|||&#8221; animation_style=&#8221;slide&#8221; animation_direction=&#8221;right&#8221; animation_intensity_slide=&#8221;5%&#8221; animation_starting_opacity=&#8221;100%&#8221; hover_enabled=&#8221;0&#8243; sticky_enabled=&#8221;0&#8243;]<\/p>\n<p>Com mais de duas d\u00e9cadas de atua\u00e7\u00e3o dedicada ao Direito Imobili\u00e1rio, Dra. N\u00e1dia D\u00f6rr Estolaski construiu uma trajet\u00f3ria pautada pelo compromisso com a seguran\u00e7a jur\u00eddica, a escuta atenta e a busca constante por solu\u00e7\u00f5es que conciliem t\u00e9cnica e sensibilidade. Formada pela Universidade Paulista (UNIP), mant\u00e9m-se em permanente atualiza\u00e7\u00e3o \u2014 uma eterna estudiosa do Direito \u2014, o que lhe permite enfrentar com seguran\u00e7a desde quest\u00f5es rotineiras at\u00e9 as situa\u00e7\u00f5es mais complexas do universo imobili\u00e1rio.<\/p>\n<p>Atua de forma independente, com dedica\u00e7\u00e3o integral a cada caso, valorizando o relacionamento pr\u00f3ximo e transparente com clientes, familiares, empresas e profissionais que a procuram em busca de orienta\u00e7\u00e3o segura e estrat\u00e9gias eficazes.<\/p>\n<p>[\/et_pb_text][et_pb_text _builder_version=&#8221;4.9.4&#8243; text_font=&#8221;||||||||&#8221; text_font_size=&#8221;16px&#8221; text_line_height=&#8221;1.8em&#8221; header_font=&#8221;||||||||&#8221; header_3_font=&#8221;Roboto Slab||||||||&#8221; header_3_line_height=&#8221;1.4em&#8221; background_layout=&#8221;dark&#8221; custom_margin=&#8221;|||&#8221; animation_style=&#8221;slide&#8221; animation_direction=&#8221;right&#8221; animation_intensity_slide=&#8221;5%&#8221; animation_starting_opacity=&#8221;100%&#8221; hover_enabled=&#8221;0&#8243; sticky_enabled=&#8221;0&#8243;]<\/p>\n<h3><strong>\ud83c\udf93<\/strong>Forma\u00e7\u00e3o e Qualifica\u00e7\u00f5es<\/h3>\n<ul>\n<li><strong>Bacharel em Direito<\/strong>\u00a0\u2013 Universidade Paulista (UNIP)<\/li>\n<li><strong>OAB\/SP:<\/strong>\u00a0264.364<\/li>\n<li><strong>CRECI-SP:<\/strong>\u00a0200430<\/li>\n<li><strong>Avaliadora de Im\u00f3veis \u2013 COFECI\/SP:<\/strong>\u00a031309<\/li>\n<li><strong>Perita Judicial<\/strong>\u00a0\u2013 com atua\u00e7\u00e3o consolidada em avalia\u00e7\u00f5es e per\u00edcias imobili\u00e1rias<\/li>\n<li>Especialista em Direito Imobili\u00e1rio, Holding Familiar, Usucapi\u00e3o e Regulariza\u00e7\u00e3o de Im\u00f3veis<\/li>\n<\/ul>\n<p>[\/et_pb_text][et_pb_text _builder_version=&#8221;4.9.4&#8243; text_font=&#8221;||||||||&#8221; text_font_size=&#8221;16px&#8221; text_line_height=&#8221;1.8em&#8221; header_font=&#8221;||||||||&#8221; header_3_font=&#8221;Roboto Slab||||||||&#8221; header_3_line_height=&#8221;1.4em&#8221; background_layout=&#8221;dark&#8221; custom_margin=&#8221;|||&#8221; animation_style=&#8221;slide&#8221; animation_direction=&#8221;right&#8221; animation_intensity_slide=&#8221;5%&#8221; animation_starting_opacity=&#8221;100%&#8221; hover_enabled=&#8221;0&#8243; sticky_enabled=&#8221;0&#8243;]<\/p>\n<h3>\u00c1reas de Atua\u00e7\u00e3o<\/h3>\n<ul>\n<li><strong>\u00c1reas de Atua\u00e7\u00e3o<\/strong><\/li>\n<\/ul>\n<ul>\n<li><strong>Direito Imobili\u00e1rio<\/strong>\u00a0\u2013 consultivo e contencioso, com vis\u00e3o estrat\u00e9gica e preventiva<\/li>\n<li><strong>Holding Familiar e Holding de Bens Pr\u00f3prios<\/strong>\u00a0\u2013 estrutura\u00e7\u00e3o patrimonial para planejamento sucess\u00f3rio e efici\u00eancia tribut\u00e1ria<\/li>\n<li><strong>Usucapi\u00e3o<\/strong>\u00a0\u2013 nas esferas extrajudicial e judicial, com seguran\u00e7a e celeridade<\/li>\n<li><strong>Regulariza\u00e7\u00e3o de Im\u00f3veis<\/strong>\u00a0\u2013 urbana e rural, perante cart\u00f3rios, prefeituras e \u00f3rg\u00e3os ambientais<\/li>\n<li><strong>Reintegra\u00e7\u00e3o de Posse<\/strong>\u00a0\u2013 centenas de casos conduzidos com \u00eaxito nas vias extrajudicial e judicial<\/li>\n<li><strong>Per\u00edcia e Avalia\u00e7\u00e3o de Im\u00f3veis<\/strong>\u00a0\u2013 atua\u00e7\u00e3o como perita judicial e avaliadora credenciada (COFECI\/SP)<\/li>\n<li><strong>Transa\u00e7\u00f5es Imobili\u00e1rias de Alto Valor e Alta Complexidade<\/strong>\u00a0\u2013 assessoria em negocia\u00e7\u00f5es que exigem estrutura\u00e7\u00e3o jur\u00eddica sofisticada, due diligence aprofundada e seguran\u00e7a documental<\/li>\n<li><strong>Gest\u00e3o de Ativos e Passivos de Massa Falida<\/strong>\u00a0\u2013 administra\u00e7\u00e3o, avalia\u00e7\u00e3o, regulariza\u00e7\u00e3o e destina\u00e7\u00e3o de bens im\u00f3veis integrantes de processos falimentares<\/li>\n<\/ul>\n<p>[\/et_pb_text][\/et_pb_column][\/et_pb_row][\/et_pb_section][et_pb_section fb_built=&#8221;1&#8243; admin_label=&#8221;Service Section&#8221; _builder_version=&#8221;3.22&#8243; background_color=&#8221;#f7f7f7&#8243; custom_padding=&#8221;140px||110px|&#8221; locked=&#8221;off&#8221;][et_pb_row admin_label=&#8221;Service Area&#8221; _builder_version=&#8221;3.25&#8243; locked=&#8221;off&#8221;][et_pb_column type=&#8221;4_4&#8243; _builder_version=&#8221;3.25&#8243; custom_padding=&#8221;|||&#8221; custom_padding__hover=&#8221;|||&#8221;][et_pb_text admin_label=&#8221;Title&#8221; _builder_version=&#8221;4.9.4&#8243; text_font=&#8221;||||||||&#8221; header_font=&#8221;||||||||&#8221; header_2_font=&#8221;Prata||||||||&#8221; header_2_text_align=&#8221;center&#8221; header_2_font_size=&#8221;48px&#8221; header_2_line_height=&#8221;1.6em&#8221; module_alignment=&#8221;center&#8221; custom_margin=&#8221;||10px|&#8221; custom_padding=&#8221;|||&#8221; animation_style=&#8221;fade&#8221; hover_enabled=&#8221;0&#8243; header_2_font_size_tablet=&#8221;40px&#8221; header_2_font_size_phone=&#8221;&#8221; header_2_font_size_last_edited=&#8221;on|tablet&#8221; sticky_enabled=&#8221;0&#8243;]<\/p>\n<h2><strong>\ud83d\udd0d<\/strong><strong> Especialidades T\u00e9cnicas<\/strong><\/h2>\n<p>[\/et_pb_text][et_pb_divider color=&#8221;#ffa40d&#8221; divider_position=&#8221;center&#8221; divider_weight=&#8221;3px&#8221; _builder_version=&#8221;3.2&#8243; max_width=&#8221;70px&#8221; module_alignment=&#8221;center&#8221; animation_style=&#8221;slide&#8221; animation_direction=&#8221;top&#8221; animation_intensity_slide=&#8221;10%&#8221; animation_starting_opacity=&#8221;100%&#8221; locked=&#8221;off&#8221;][\/et_pb_divider][\/et_pb_column][\/et_pb_row][et_pb_row admin_label=&#8221;Service Area&#8221; _builder_version=&#8221;3.25&#8243; locked=&#8221;off&#8221;][et_pb_column type=&#8221;4_4&#8243; _builder_version=&#8221;3.25&#8243; custom_padding=&#8221;|||&#8221; custom_padding__hover=&#8221;|||&#8221;][et_pb_blurb title=&#8221;Servi\u00e7os&#8221; use_icon=&#8221;on&#8221; font_icon=&#8221;%%126%%&#8221; icon_color=&#8221;#ffba60&#8243; content_max_width=&#8221;300px&#8221; use_icon_font_size=&#8221;on&#8221; icon_font_size=&#8221;42px&#8221; _builder_version=&#8221;4.9.4&#8243; header_font=&#8221;Roboto Slab||||||||&#8221; header_font_size=&#8221;20px&#8221; header_line_height=&#8221;1.8em&#8221; body_font=&#8221;||||||||&#8221; body_font_size=&#8221;16px&#8221; body_line_height=&#8221;1.8em&#8221; text_orientation=&#8221;center&#8221; animation_style=&#8221;fade&#8221; hover_enabled=&#8221;0&#8243; sticky_enabled=&#8221;0&#8243;]<\/p>\n<p>&nbsp;<\/p>\n<ul>\n<li>Avalia\u00e7\u00e3o e per\u00edcia de im\u00f3veis (COFECI\/SP)<\/li>\n<li>Due diligence imobili\u00e1ria e an\u00e1lise documental avan\u00e7ada<\/li>\n<li>Regulariza\u00e7\u00e3o de im\u00f3veis perante cart\u00f3rios, prefeituras e \u00f3rg\u00e3os ambientais<\/li>\n<li>Planejamento sucess\u00f3rio com holdings imobili\u00e1rias<\/li>\n<li>Estrat\u00e9gias em reintegra\u00e7\u00e3o de posse e resolu\u00e7\u00e3o de conflitos possess\u00f3rios<\/li>\n<li>Estrutura\u00e7\u00e3o de transa\u00e7\u00f5es imobili\u00e1rias de alto valor e alta complexidade<\/li>\n<li>Gest\u00e3o de ativos e passivos de massa falida com foco em bens im\u00f3veis<\/li>\n<\/ul>\n<p>[\/et_pb_blurb][\/et_pb_column][\/et_pb_row][\/et_pb_section]<\/p>\n","protected":false},"excerpt":{"rendered":"<p>[et_pb_section fb_built=&#8221;1&#8243; admin_label=&#8221;Welcome Section&#8221; _builder_version=&#8221;3.22&#8243; custom_padding=&#8221;90px||90px|&#8221;][et_pb_row admin_label=&#8221;Welcome Area&#8221; _builder_version=&#8221;3.25&#8243; column_structure=&#8221;1_3,2_3&#8243;][et_pb_column type=&#8221;1_3&#8243; _builder_version=&#8221;3.25&#8243; custom_padding=&#8221;80px||80px|&#8221; custom_padding__hover=&#8221;|||&#8221;][et_pb_text admin_label=&#8221;Title&#8221; _builder_version=&#8221;3.27.4&#8243; text_font=&#8221;||||||||&#8221; header_font=&#8221;||||||||&#8221; header_2_font=&#8221;Prata||||||||&#8221; header_2_font_size=&#8221;48px&#8221; header_2_line_height=&#8221;1.6em&#8221; custom_margin=&#8221;||10px|&#8221; animation_style=&#8221;fade&#8221; animation_direction=&#8221;left&#8221; animation_starting_opacity=&#8221;100%&#8221; header_2_font_size_tablet=&#8221;40px&#8221; header_2_font_size_phone=&#8221;&#8221; header_2_font_size_last_edited=&#8221;on|tablet&#8221;] Dra. N\u00e1dia D\u00f6rr Estolaski [\/et_pb_text][et_pb_divider color=&#8221;#ffa40d&#8221; divider_position=&#8221;center&#8221; divider_weight=&#8221;3px&#8221; _builder_version=&#8221;3.2&#8243; max_width=&#8221;70px&#8221; animation_style=&#8221;slide&#8221; animation_direction=&#8221;right&#8221; animation_intensity_slide=&#8221;5%&#8221; animation_starting_opacity=&#8221;100%&#8221;][\/et_pb_divider][et_pb_text _builder_version=&#8221;4.9.4&#8243; text_font=&#8221;||||||||&#8221; text_font_size=&#8221;16px&#8221; text_line_height=&#8221;2em&#8221; max_width=&#8221;500px&#8221; animation_direction=&#8221;left&#8221; hover_enabled=&#8221;0&#8243; sticky_enabled=&#8221;0&#8243;] Advogada | Especialista em Direito [&hellip;]<\/p>\n","protected":false},"author":1,"featured_media":0,"parent":0,"menu_order":0,"comment_status":"closed","ping_status":"closed","template":"","meta":{"_et_pb_use_builder":"on","_et_pb_old_content":"","_et_gb_content_width":"","footnotes":""},"class_list":["post-158","page","type-page","status-publish","hentry"],"_links":{"self":[{"href":"https:\/\/cnabusiness.com.br\/index.php?rest_route=\/wp\/v2\/pages\/158","targetHints":{"allow":["GET"]}}],"collection":[{"href":"https:\/\/cnabusiness.com.br\/index.php?rest_route=\/wp\/v2\/pages"}],"about":[{"href":"https:\/\/cnabusiness.com.br\/index.php?rest_route=\/wp\/v2\/types\/page"}],"author":[{"embeddable":true,"href":"https:\/\/cnabusiness.com.br\/index.php?rest_route=\/wp\/v2\/users\/1"}],"replies":[{"embeddable":true,"href":"https:\/\/cnabusiness.com.br\/index.php?rest_route=%2Fwp%2Fv2%2Fcomments&post=158"}],"version-history":[{"count":4,"href":"https:\/\/cnabusiness.com.br\/index.php?rest_route=\/wp\/v2\/pages\/158\/revisions"}],"predecessor-version":[{"id":173,"href":"https:\/\/cnabusiness.com.br\/index.php?rest_route=\/wp\/v2\/pages\/158\/revisions\/173"}],"wp:attachment":[{"href":"https:\/\/cnabusiness.com.br\/index.php?rest_route=%2Fwp%2Fv2%2Fmedia&parent=158"}],"curies":[{"name":"wp","href":"https:\/\/api.w.org\/{rel}","templated":true}]}}